{"id":389,"date":"2021-03-16T11:00:06","date_gmt":"2021-03-16T17:00:06","guid":{"rendered":"http:\/\/ihg.genialitic.com\/?page_id=389"},"modified":"2021-06-01T18:58:37","modified_gmt":"2021-06-01T23:58:37","slug":"lorem","status":"publish","type":"page","link":"https:\/\/ihg.genialitic.com\/","title":{"rendered":"Promoci\u00f3n del Desarrollo Socioemocional a Trav\u00e9s de las Tecnolog\u00edas de la Informaci\u00f3n y Comunicaci\u00f3n"},"content":{"rendered":"\n<p>A partir del aislamiento social, producto de la pandemia, han surgido una serie de problemas en la poblaci\u00f3n en general. Debido a esto, el Instituto Hermanos Galeana se ha dado a la tarea de dise\u00f1ar un proyecto mediante el cual se atienda a su poblaci\u00f3n escolar de primaria y secundaria. El confinamiento ha obligado a muchos padres de familia a convivir m\u00e1s de lo acostumbrado, lo cual ha generado alteraciones en la convivencia familiar, al grado que la \u00fanica salida que le encuentran a su problem\u00e1tica es el divorcio. El enojo, que puede llevar incluso a la violencia, es una forma de protecci\u00f3n. Por el contrario, el miedo, puede paralizarnos, o incluso hacernos tomar decisiones que en circunstancias normales o con el conocimiento suficiente para hacerle frente a la amenaza, jam\u00e1s tomar\u00edamos.<\/p>\n\n\n\n<p>Los preadolescentes y los adolescentes son curiosos por naturaleza. Es entonces cuando se tiene el acercamiento a drogas legales como el cigarro o el alcohol; queda en segundo plano la dependencia de la comida chatarra. Como consecuencia del encierro obligado, no se tienen ya el contacto acostumbrado con las amistades, lo que nos obliga a dejar de fumar y dejar de beber. Es entonces que pueden llegar al extremo de molestar a sus conocidos mediante las redes sociales, cayendo en el ciberacoso o, peor a\u00fan, violentarse a s\u00ed mismos. Tomando en cuenta la dif\u00edcil situaci\u00f3n por la que atraviesa la humanidad, los riesgos son mayores y m\u00e1s latentes: \u201cLos epidemi\u00f3logos Wilkinson y Pickett, respectivamente, han fortalecido esta imagen con m\u00e1s detalles, mostrando que, si bien la pobreza es mala para la salud, \u2018la pobreza en medio de la abundancia (la desigualdad)\u2019 puede empeorar la mortalidad infantil, obesidad, tasas de homicidios y m\u00e1s (Ciencia UNAM, 2020)\u201d.<\/p>\n\n\n\n<p>Si ya de por s\u00ed la adolescencia puede llegar a ser complicada, en estos tiempos los problemas familiares se han conjugado con todas las afectaciones psicosociales producto de los contagios por COVID-19. Por todo esto, el IHG busca atender a la poblaci\u00f3n estudiantil, sobre todo a los m\u00e1s vulnerables, brindando no solo informaci\u00f3n, sino tambi\u00e9n atenci\u00f3n psicol\u00f3gica, pedag\u00f3gica y cualquiera que los chicos requieran. En resumen, se busca que exista un espacio de atenci\u00f3n personalizada para cualquier integrante de la comunidad que lo necesite. En este trabajo se ofrece una alternativa para responder a la necesidad creciente por brindar espacios que satisfagan las necesidades psicosociales de la comunidad que conforma al Instituto Hermanos Galeana.<\/p>\n","protected":false},"excerpt":{"rendered":"<p>A partir del aislamiento social, producto de la pandemia, han surgido una serie de problemas en la poblaci\u00f3n en general. Debido a esto, el Instituto Hermanos Galeana se ha dado a la tarea de dise\u00f1ar un proyecto mediante el cual se atienda a su poblaci\u00f3n escolar de primaria y secundaria. El confinamiento ha obligado a [&hellip;]<\/p>\n","protected":false},"author":1,"featured_media":0,"parent":0,"menu_order":0,"comment_status":"closed","ping_status":"closed","template":"","meta":{"footnotes":""},"class_list":["post-389","page","type-page","status-publish","hentry"],"_links":{"self":[{"href":"https:\/\/ihg.genialitic.com\/index.php\/wp-json\/wp\/v2\/pages\/389","targetHints":{"allow":["GET"]}}],"collection":[{"href":"https:\/\/ihg.genialitic.com\/index.php\/wp-json\/wp\/v2\/pages"}],"about":[{"href":"https:\/\/ihg.genialitic.com\/index.php\/wp-json\/wp\/v2\/types\/page"}],"author":[{"embeddable":true,"href":"https:\/\/ihg.genialitic.com\/index.php\/wp-json\/wp\/v2\/users\/1"}],"replies":[{"embeddable":true,"href":"https:\/\/ihg.genialitic.com\/index.php\/wp-json\/wp\/v2\/comments?post=389"}],"version-history":[{"count":2,"href":"https:\/\/ihg.genialitic.com\/index.php\/wp-json\/wp\/v2\/pages\/389\/revisions"}],"predecessor-version":[{"id":439,"href":"https:\/\/ihg.genialitic.com\/index.php\/wp-json\/wp\/v2\/pages\/389\/revisions\/439"}],"wp:attachment":[{"href":"https:\/\/ihg.genialitic.com\/index.php\/wp-json\/wp\/v2\/media?parent=389"}],"curies":[{"name":"wp","href":"https:\/\/api.w.org\/{rel}","templated":true}]}}